{"id":26,"date":"2021-12-03T13:58:45","date_gmt":"2021-12-03T13:58:45","guid":{"rendered":"http:\/\/gpads.recife.ifpe.edu.br\/alsm\/csin\/?page_id=26"},"modified":"2022-09-05T11:48:26","modified_gmt":"2022-09-05T14:48:26","slug":"sistemas-embarcados","status":"publish","type":"page","link":"https:\/\/gpads.recife.ifpe.edu.br\/alsm\/csin\/index.php\/sistemas-embarcados\/","title":{"rendered":"Sistemas Embarcados"},"content":{"rendered":"\n<h3 class=\"wp-block-heading\"><strong>Compet\u00eancias<\/strong><\/h3>\n\n\n\n<p class=\"has-small-font-size\">Explicar as caracter\u00edsticas gerais relativas a sistemas embarcados e os problemas ligados \u00e0s restri\u00e7\u00f5es de recursos; aplicar sistemas operacionais, bibliotecas e outros componentes na cria\u00e7\u00e3o de um sistema embarcado.<\/p>\n\n\n\n<h3 class=\"wp-block-heading\"><strong>Habilidades<\/strong><\/h3>\n\n\n\n<ul class=\"has-small-font-size wp-block-list\"><li>Selecionar os algoritmos adequados para implementa\u00e7\u00e3o;<\/li><li>Tomar decis\u00f5es de projeto coerentes com as restri\u00e7\u00f5es t\u00edpicas do ambiente em que o sistema est\u00e1 inserido;<\/li><li>Considerar as implica\u00e7\u00f5es ligadas a caracter\u00edsticas de tempo;<\/li><li>Utilizar com crit\u00e9rio e efici\u00eancia os recursos dispon\u00edveis visando equilibrar a funcionalidade do sistema, sua complexidade, flexibilidade e confiabilidade;<\/li><li>Reusar softwares e componentes j\u00e1 existentes, adaptando-os ao ambiente embarcado em desenvolvimento.<\/li><\/ul>\n\n\n\n<h3 class=\"wp-block-heading\"><strong>Bases tecnol\u00f3gicas<\/strong><\/h3>\n\n\n\n<ol class=\"has-small-font-size wp-block-list\"><li>Vis\u00e3o geral de sistemas embarcados: Defini\u00e7\u00e3o.<\/li><li>Microcontroladores: Tecnologias; Plataformas; Circuitos perif\u00e9ricos b\u00e1sicos; Especifica\u00e7\u00f5es; requisitos de projeto.<\/li><li>Ambientes de Desenvolvimento para Sistemas Embarcados (hardware e software): Tipos.<\/li><li>Softwares b\u00e1sicos: An\u00e1lise; Performance; Prote\u00e7\u00e3o de dados; Regi\u00f5es criticas (atomicidade).<\/li><li>Fundamentos de sistemas operacionais: arquiteturas; Gerenciamento de Mem\u00f3ria; Interrup\u00e7\u00f5es de Software;<\/li><li>Gerenciamento de I\/O; Temporizadores.<\/li><li>Fundamentos de sistemas operacionais de tempo real: Aplica\u00e7\u00e3o; Funcionamento temporal; Vantagens e desvantagens.<\/li><\/ol>\n\n\n\n<h3 class=\"wp-block-heading\"><strong>Bibliografia<\/strong><\/h3>\n\n\n\n<ul class=\"has-small-font-size wp-block-list\"><li><strong>Construindo Sistemas Linux Embarcados<\/strong><br>Yaghmour, Masters, Yossef e Gerum \u2013 2\u00aa ed. \u2013 Alta Books \u2013 2009<\/li><li><strong>Programming Embedded Systems: With C and GNU Development Tools, 2nd Edition<\/strong><br>Michael Barr, Anthony Massa \u2013 2\u00aa ed. \u2013 O\u2019Reilly Media \u2013 2006<\/li><li><strong>Beginning Arduino<\/strong><br>Michael McRoberts 1\u00aa ed. \u2013 Apress \u2013 2010<\/li><li><strong>Designing Embedded Systems with PIC Microcontrollers, Second Edition: Principles and Applications<\/strong><br>Tim Wilmshurst 2\u00aa ed. Newnes \u2013 2009<\/li><li><strong>Arduino Robotics<\/strong><br>John-David Warren, Josh Adams, Harald Molle 1\u00aa ed. Apress \u2013 2011<\/li><li><strong>EMBEDDED SYSTEM DESIGN: A Unified Hardware Software Introduction<\/strong><br>F. Vahid, T. Givargis, John Wiley and Sons, Inc. \u2013 2002<\/li><\/ul>\n","protected":false},"excerpt":{"rendered":"<p>Compet\u00eancias Explicar as caracter\u00edsticas gerais relativas a sistemas embarcados e os problemas ligados \u00e0s restri\u00e7\u00f5es de recursos; aplicar sistemas operacionais, bibliotecas e outros componentes na cria\u00e7\u00e3o de um sistema embarcado. Habilidades Selecionar os algoritmos adequados para implementa\u00e7\u00e3o; Tomar decis\u00f5es de projeto coerentes com as restri\u00e7\u00f5es t\u00edpicas do ambiente em que o sistema est\u00e1 inserido; Considerar [&hellip;]<\/p>\n","protected":false},"author":1,"featured_media":0,"parent":0,"menu_order":0,"comment_status":"closed","ping_status":"closed","template":"","meta":{"footnotes":""},"class_list":["post-26","page","type-page","status-publish","hentry"],"_links":{"self":[{"href":"https:\/\/gpads.recife.ifpe.edu.br\/alsm\/csin\/index.php\/wp-json\/wp\/v2\/pages\/26","targetHints":{"allow":["GET"]}}],"collection":[{"href":"https:\/\/gpads.recife.ifpe.edu.br\/alsm\/csin\/index.php\/wp-json\/wp\/v2\/pages"}],"about":[{"href":"https:\/\/gpads.recife.ifpe.edu.br\/alsm\/csin\/index.php\/wp-json\/wp\/v2\/types\/page"}],"author":[{"embeddable":true,"href":"https:\/\/gpads.recife.ifpe.edu.br\/alsm\/csin\/index.php\/wp-json\/wp\/v2\/users\/1"}],"replies":[{"embeddable":true,"href":"https:\/\/gpads.recife.ifpe.edu.br\/alsm\/csin\/index.php\/wp-json\/wp\/v2\/comments?post=26"}],"version-history":[{"count":4,"href":"https:\/\/gpads.recife.ifpe.edu.br\/alsm\/csin\/index.php\/wp-json\/wp\/v2\/pages\/26\/revisions"}],"predecessor-version":[{"id":202,"href":"https:\/\/gpads.recife.ifpe.edu.br\/alsm\/csin\/index.php\/wp-json\/wp\/v2\/pages\/26\/revisions\/202"}],"wp:attachment":[{"href":"https:\/\/gpads.recife.ifpe.edu.br\/alsm\/csin\/index.php\/wp-json\/wp\/v2\/media?parent=26"}],"curies":[{"name":"wp","href":"https:\/\/api.w.org\/{rel}","templated":true}]}}