{"id":24,"date":"2021-12-03T13:58:23","date_gmt":"2021-12-03T13:58:23","guid":{"rendered":"http:\/\/gpads.recife.ifpe.edu.br\/alsm\/csin\/?page_id=24"},"modified":"2022-08-23T09:59:36","modified_gmt":"2022-08-23T12:59:36","slug":"sistemas-operacionais","status":"publish","type":"page","link":"https:\/\/gpads.recife.ifpe.edu.br\/alsm\/csin\/index.php\/sistemas-operacionais\/","title":{"rendered":"Sistemas Operacionais"},"content":{"rendered":"\n<p>Esta p\u00e1gina serve de refer\u00eancia para os alunos da disciplina de  Sistemas Operacionais (SO), ministrada no Instituto Federal de Pernambuco. O material consiste em apresenta\u00e7\u00f5es com anota\u00e7\u00f5es, exerc\u00edcios pr\u00e1ticos com solu\u00e7\u00f5es, pr\u00e1ticas de laborat\u00f3rio e material extra de estudo.<\/p>\n\n\n\n<p>A  <a rel=\"noreferrer noopener\" href=\"https:\/\/gpads.recife.ifpe.edu.br\/alsm\/csin\/?page_id=133\" target=\"_blank\">ementa<\/a> da disciplina.<\/p>\n\n\n\n<p>O conte\u00fado \u00e9 dividido em duas partes: A primeira explica os conceitos b\u00e1sicos de SO. O livro base para a disciplina \u00e9 o de <a rel=\"noreferrer noopener\" href=\"http:\/\/www.training.com.br\/aso\/\" target=\"_blank\">Luiz Maia<\/a>, no entanto os exemplos pr\u00e1ticos em sua maioria vem do livro <a rel=\"noreferrer noopener\" href=\"http:\/\/pages.cs.wisc.edu\/~remzi\/OSTEP\/\" target=\"_blank\">Operating Systems: Three Easy Pieces (OSTEP)<\/a>. A segunda parte \u00e9 a utiliza\u00e7\u00e3o do sistema operacional <a href=\"https:\/\/gitlab.com\/alsmoreira\/SoTADS\">SoTADS<\/a> dispon\u00edvel no gitlab. Este tem como fundamento o SO <a rel=\"noreferrer noopener\" href=\"https:\/\/github.com\/mit-pdos\/xv6-public\" target=\"_blank\">xv6<\/a>. <\/p>\n\n\n\n<p><\/p>\n","protected":false},"excerpt":{"rendered":"<p>Esta p\u00e1gina serve de refer\u00eancia para os alunos da disciplina de Sistemas Operacionais (SO), ministrada no Instituto Federal de Pernambuco. O material consiste em apresenta\u00e7\u00f5es com anota\u00e7\u00f5es, exerc\u00edcios pr\u00e1ticos com solu\u00e7\u00f5es, pr\u00e1ticas de laborat\u00f3rio e material extra de estudo. A ementa da disciplina. O conte\u00fado \u00e9 dividido em duas partes: A primeira explica os conceitos [&hellip;]<\/p>\n","protected":false},"author":1,"featured_media":0,"parent":0,"menu_order":0,"comment_status":"closed","ping_status":"closed","template":"","meta":{"footnotes":""},"class_list":["post-24","page","type-page","status-publish","hentry"],"_links":{"self":[{"href":"https:\/\/gpads.recife.ifpe.edu.br\/alsm\/csin\/index.php\/wp-json\/wp\/v2\/pages\/24","targetHints":{"allow":["GET"]}}],"collection":[{"href":"https:\/\/gpads.recife.ifpe.edu.br\/alsm\/csin\/index.php\/wp-json\/wp\/v2\/pages"}],"about":[{"href":"https:\/\/gpads.recife.ifpe.edu.br\/alsm\/csin\/index.php\/wp-json\/wp\/v2\/types\/page"}],"author":[{"embeddable":true,"href":"https:\/\/gpads.recife.ifpe.edu.br\/alsm\/csin\/index.php\/wp-json\/wp\/v2\/users\/1"}],"replies":[{"embeddable":true,"href":"https:\/\/gpads.recife.ifpe.edu.br\/alsm\/csin\/index.php\/wp-json\/wp\/v2\/comments?post=24"}],"version-history":[{"count":20,"href":"https:\/\/gpads.recife.ifpe.edu.br\/alsm\/csin\/index.php\/wp-json\/wp\/v2\/pages\/24\/revisions"}],"predecessor-version":[{"id":200,"href":"https:\/\/gpads.recife.ifpe.edu.br\/alsm\/csin\/index.php\/wp-json\/wp\/v2\/pages\/24\/revisions\/200"}],"wp:attachment":[{"href":"https:\/\/gpads.recife.ifpe.edu.br\/alsm\/csin\/index.php\/wp-json\/wp\/v2\/media?parent=24"}],"curies":[{"name":"wp","href":"https:\/\/api.w.org\/{rel}","templated":true}]}}