{"id":133,"date":"2022-02-24T11:46:27","date_gmt":"2022-02-24T11:46:27","guid":{"rendered":"https:\/\/gpads.recife.ifpe.edu.br\/alsm\/csin\/?page_id=133"},"modified":"2022-02-24T11:50:05","modified_gmt":"2022-02-24T11:50:05","slug":"ementa-so","status":"publish","type":"page","link":"https:\/\/gpads.recife.ifpe.edu.br\/alsm\/csin\/index.php\/ementa-so\/","title":{"rendered":"Ementa SO"},"content":{"rendered":"\n<h2 class=\"wp-block-heading\"><strong>Compet\u00eancias<\/strong><\/h2>\n\n\n\n<p>Explicar as caracter\u00edsticas de sistemas operacionais (SO).<\/p>\n\n\n\n<h2 class=\"wp-block-heading\"><strong>Habilidades<\/strong><\/h2>\n\n\n\n<ul class=\"wp-block-list\"><li>Analisar o sistema operacional, identificado seu funcionamento e os seus comandos.<\/li><li>Diferenciar os tipos de sistemas operacionais.<\/li><li>Listar, inicializar e destruir processos.<\/li><li>Gerenciar filas de impress\u00e3o.<\/li><li>Explicar os principais mecanismos de comunica\u00e7\u00f5es entre processos.<\/li><\/ul>\n\n\n\n<h2 class=\"wp-block-heading\"><strong>Bases Tecnol\u00f3gicas<\/strong><\/h2>\n\n\n\n<ul class=\"wp-block-list\"><li>Conceitos B\u00e1sicos: Introdu\u00e7\u00e3o; Hist\u00f3rico. Conceitos de Hardware e Software.<\/li><li>Tipos de Sistemas Operacionais: Introdu\u00e7\u00e3o; Monoprogram\u00e1veis \/ Monotarefa \/ Multiprogram\u00e1veis \/ Multitarefa.<\/li><li>Sistemas Multiprogram\u00e1veis: Introdu\u00e7\u00e3o; Interrup\u00e7\u00e3o e Exce\u00e7\u00e3o; Opera\u00e7\u00e3o de Entrada \/ Sa\u00edda; Buffering; Spooling; Reentr\u00e2ncia; Prote\u00e7\u00e3o do Sistema.<\/li><li>Processo: Introdu\u00e7\u00e3o; Modelo de Processo; Estados do Processo; Mudan\u00e7as de Estado do Processo; Subprocesso e Thread. Comunica\u00e7\u00e3o entre Processos: Introdu\u00e7\u00e3o; Especifica\u00e7\u00e3o de Concorr\u00eancia em programas; Problemas de Compartilhamento de Recursos; Solu\u00e7\u00e3o para os problemas de compartilhamento; Problemas de Sincroniza\u00e7\u00e3o; Solu\u00e7\u00f5es de Software; Deadlock.<\/li><li>Ger\u00eancia do Processador: Introdu\u00e7\u00e3o; Crit\u00e9rios de Escalonamento; Escalonamento N\u00e3o-Preemptivo; Escalonamento Preemptivo. Ger\u00eancia de Mem\u00f3ria: Introdu\u00e7\u00e3o; Aloca\u00e7\u00e3o Cont\u00edgua Simples; Aloca\u00e7\u00e3o Particionada; Swapping; Mem\u00f3ria Virtual.<\/li><li>Sistema Operacional DOS \/ Windows. Sistema Operacional LINUX.<\/li><\/ul>\n\n\n\n<h2 class=\"wp-block-heading\"><strong>Pr\u00e9-requisitos<\/strong><\/h2>\n\n\n\n<ul class=\"wp-block-list\"><li>N\u00e3o<\/li><\/ul>\n\n\n\n<h2 class=\"wp-block-heading\"><strong>Bibliografia<\/strong><\/h2>\n\n\n\n<ul class=\"wp-block-list\"><li>Fundamentos de Sistemas Operacionais \u2013 Abraham Silberschatz e Peter Baer Galvin \u2013 8\u00aa ed. \u2013 LTC \u2013 2010<\/li><li>Sistemas Operacionais Modernos \u2013 Andrew S. Tanenbaum \u2013 3\u00aa ed. \u2013 Pearson \u2013 2010<\/li><li>Sistemas Operacionais \u2013 Jos\u00e9 Alves, et al. \u2013 1\u00aa ed. \u2013 LTC \u2013 2011<\/li><li>Arquitetura de Sistemas Operacionais \u2013 Francis Machado e Luiz Maia. 4\u00aa ed. \u2013 ed. LTC.<\/li><\/ul>\n","protected":false},"excerpt":{"rendered":"<p>Compet\u00eancias Explicar as caracter\u00edsticas de sistemas operacionais (SO). Habilidades Analisar o sistema operacional, identificado seu funcionamento e os seus comandos. Diferenciar os tipos de sistemas operacionais. Listar, inicializar e destruir processos. Gerenciar filas de impress\u00e3o. Explicar os principais mecanismos de comunica\u00e7\u00f5es entre processos. Bases Tecnol\u00f3gicas Conceitos B\u00e1sicos: Introdu\u00e7\u00e3o; Hist\u00f3rico. Conceitos de Hardware e Software. Tipos [&hellip;]<\/p>\n","protected":false},"author":1,"featured_media":0,"parent":0,"menu_order":0,"comment_status":"closed","ping_status":"closed","template":"","meta":{"footnotes":""},"class_list":["post-133","page","type-page","status-publish","hentry"],"_links":{"self":[{"href":"https:\/\/gpads.recife.ifpe.edu.br\/alsm\/csin\/index.php\/wp-json\/wp\/v2\/pages\/133","targetHints":{"allow":["GET"]}}],"collection":[{"href":"https:\/\/gpads.recife.ifpe.edu.br\/alsm\/csin\/index.php\/wp-json\/wp\/v2\/pages"}],"about":[{"href":"https:\/\/gpads.recife.ifpe.edu.br\/alsm\/csin\/index.php\/wp-json\/wp\/v2\/types\/page"}],"author":[{"embeddable":true,"href":"https:\/\/gpads.recife.ifpe.edu.br\/alsm\/csin\/index.php\/wp-json\/wp\/v2\/users\/1"}],"replies":[{"embeddable":true,"href":"https:\/\/gpads.recife.ifpe.edu.br\/alsm\/csin\/index.php\/wp-json\/wp\/v2\/comments?post=133"}],"version-history":[{"count":2,"href":"https:\/\/gpads.recife.ifpe.edu.br\/alsm\/csin\/index.php\/wp-json\/wp\/v2\/pages\/133\/revisions"}],"predecessor-version":[{"id":138,"href":"https:\/\/gpads.recife.ifpe.edu.br\/alsm\/csin\/index.php\/wp-json\/wp\/v2\/pages\/133\/revisions\/138"}],"wp:attachment":[{"href":"https:\/\/gpads.recife.ifpe.edu.br\/alsm\/csin\/index.php\/wp-json\/wp\/v2\/media?parent=133"}],"curies":[{"name":"wp","href":"https:\/\/api.w.org\/{rel}","templated":true}]}}